{"id":9128,"date":"2023-03-06T02:48:48","date_gmt":"2023-03-05T23:48:48","guid":{"rendered":"https:\/\/de.acaral.com.tr\/index.php\/product\/sarsilmaz-sar-9-tabanca-kilifi-siyah\/"},"modified":"2023-04-26T00:38:49","modified_gmt":"2023-04-25T21:38:49","slug":"sarsilmaz-sar-9-tabanca-kilifi-siyah","status":"publish","type":"product","link":"https:\/\/de.acaral.com.tr\/?product=sarsilmaz-sar-9-tabanca-kilifi-siyah","title":{"rendered":"Sars\u0131lmaz Sar 9 Pistolenhalfter Schwarz"},"content":{"rendered":"<p><strong>Passende Modelle<\/strong><\/p>\n<p><strong>SARSILMAZ SAR 9<\/strong><\/p>\n<p><strong>FUNKTIONEN UND ERKL\u00c4RUNGEN<\/strong><\/p>\n<ul>\n<li><strong>Das langlebige Polymergeh\u00e4use bietet dank seines patentierten Designs eine ergonomische Benutzerfreundlichkeit.<\/strong><\/li>\n<li><strong>Das taktische Pistolenholster mit \u00e4u\u00dferem Tragegriff, das f\u00fcr die Verwendung an Bandelier geeignet IST, erm\u00fcdet den Benutzer dank seines orthop\u00e4dischen <\/strong><\/li>\n<li><strong>Taillenbunds, der f\u00fcr den tats\u00e4chlichen Einsatz t\u00e4rischen Einsatz conziuchtnichtt IST.<\/strong><\/li>\n<li><strong>Dank seiner um 360\u00b0 drehbaren Struktur kann der Benutzer aus dem Winkel der Pistole nach seinen W\u00fcnschen einstellen.<\/strong><\/li>\n<li><strong>Geeignet f\u00fcr angewandte, polizeiliche und zivile Zwecke.<\/strong><\/li>\n<li><strong>Dank der Sicherheitsverriegelung WIRD Ihre Waffe nicht herunterfallen oder gestohlen Werden.<\/strong><\/li>\n<li><strong>Rechte und linke Produkte sind verf\u00fcgbar.<\/strong><\/li>\n<li><strong>Es ist \u00fcber einen herausnehmbaren einzelnen Magazinpfad (nur f\u00fcr Rechtsh\u00e4nder erh\u00e4ltlich).<\/strong><\/li>\n<li><strong>Dank der unter dem Holster befindlichen Einstellschraube kann der Benutzer die Spannung der Waffe beim Einf\u00fchren in das Holster nach Belieben einstellen.<\/strong><\/li>\n<li><strong>Es line 2 Jahre Garantie.<\/strong><\/li>\n<\/ul>\n","protected":false},"excerpt":{"rendered":"<p>Passende Modelle SARSILMAZ SAR 9 FUNKTIONEN UND ERKL\u00c4RUNGEN Das langlebige Polymergeh\u00e4use bietet dank seines patentierten Designs eine ergonomische Benutzerfreundlichkeit. Das<\/p>\n","protected":false},"featured_media":9185,"comment_status":"open","ping_status":"closed","template":"","meta":[],"product_cat":[42],"product_tag":[],"yoast_head":"<!-- This site is optimized with the Yoast SEO plugin v20.4 - https:\/\/yoast.com\/wordpress\/plugins\/seo\/ -->\n<title>Sars\u0131lmaz Sar 9 Pistolenhalfter Schwarz - Acaral<\/title>\n<meta name=\"robots\" content=\"index, follow, max-snippet:-1, max-image-preview:large, max-video-preview:-1\" \/>\n<link rel=\"canonical\" href=\"https:\/\/de.acaral.com.tr\/?product=sarsilmaz-sar-9-tabanca-kilifi-siyah\" \/>\n<meta property=\"og:locale\" content=\"de_DE\" \/>\n<meta property=\"og:type\" content=\"article\" \/>\n<meta property=\"og:title\" content=\"Sars\u0131lmaz Sar 9 Pistolenhalfter Schwarz - Acaral\" \/>\n<meta property=\"og:description\" content=\"Passende Modelle SARSILMAZ SAR 9 FUNKTIONEN UND ERKL\u00c4RUNGEN Das langlebige Polymergeh\u00e4use bietet dank seines patentierten Designs eine ergonomische Benutzerfreundlichkeit. Das\" \/>\n<meta property=\"og:url\" content=\"https:\/\/de.acaral.com.tr\/?product=sarsilmaz-sar-9-tabanca-kilifi-siyah\" \/>\n<meta property=\"og:site_name\" content=\"Acaral\" \/>\n<meta property=\"article:publisher\" content=\"https:\/\/facebook.com\/acaralcom\" \/>\n<meta property=\"article:modified_time\" content=\"2023-04-25T21:38:49+00:00\" \/>\n<meta property=\"og:image\" content=\"https:\/\/de.acaral.com.tr\/wp-content\/uploads\/IMG_1391.jpg\" \/>\n\t<meta property=\"og:image:width\" content=\"1400\" \/>\n\t<meta property=\"og:image:height\" content=\"1995\" \/>\n\t<meta property=\"og:image:type\" content=\"image\/jpeg\" \/>\n<meta name=\"twitter:card\" content=\"summary_large_image\" \/>\n<meta name=\"twitter:label1\" content=\"Gesch\u00e4tzte Lesezeit\" \/>\n\t<meta name=\"twitter:data1\" content=\"1\u00a0Minute\" \/>\n<script type=\"application\/ld+json\" class=\"yoast-schema-graph\">{\"@context\":\"https:\/\/schema.org\",\"@graph\":[{\"@type\":\"WebPage\",\"@id\":\"https:\/\/de.acaral.com.tr\/?product=sarsilmaz-sar-9-tabanca-kilifi-siyah\",\"url\":\"https:\/\/de.acaral.com.tr\/?product=sarsilmaz-sar-9-tabanca-kilifi-siyah\",\"name\":\"Sars\u0131lmaz Sar 9 Pistolenhalfter Schwarz - Acaral\",\"isPartOf\":{\"@id\":\"https:\/\/de.acaral.com.tr\/#website\"},\"datePublished\":\"2023-03-05T23:48:48+00:00\",\"dateModified\":\"2023-04-25T21:38:49+00:00\",\"breadcrumb\":{\"@id\":\"https:\/\/de.acaral.com.tr\/?product=sarsilmaz-sar-9-tabanca-kilifi-siyah#breadcrumb\"},\"inLanguage\":\"de\",\"potentialAction\":[{\"@type\":\"ReadAction\",\"target\":[\"https:\/\/de.acaral.com.tr\/?product=sarsilmaz-sar-9-tabanca-kilifi-siyah\"]}]},{\"@type\":\"BreadcrumbList\",\"@id\":\"https:\/\/de.acaral.com.tr\/?product=sarsilmaz-sar-9-tabanca-kilifi-siyah#breadcrumb\",\"itemListElement\":[{\"@type\":\"ListItem\",\"position\":1,\"name\":\"Anasayfa\",\"item\":\"https:\/\/de.acaral.com.tr\/\"},{\"@type\":\"ListItem\",\"position\":2,\"name\":\"Gesch\u00e4ft\",\"item\":\"https:\/\/de.acaral.com.tr\/?page_id=9\"},{\"@type\":\"ListItem\",\"position\":3,\"name\":\"Sars\u0131lmaz Sar 9 Pistolenhalfter Schwarz\"}]},{\"@type\":\"WebSite\",\"@id\":\"https:\/\/de.acaral.com.tr\/#website\",\"url\":\"https:\/\/de.acaral.com.tr\/\",\"name\":\"Acaral\",\"description\":\"Waffenzubeh\u00f6r und Ausr\u00fcstung\",\"publisher\":{\"@id\":\"https:\/\/de.acaral.com.tr\/#organization\"},\"potentialAction\":[{\"@type\":\"SearchAction\",\"target\":{\"@type\":\"EntryPoint\",\"urlTemplate\":\"https:\/\/de.acaral.com.tr\/?s={search_term_string}\"},\"query-input\":\"required name=search_term_string\"}],\"inLanguage\":\"de\"},{\"@type\":\"Organization\",\"@id\":\"https:\/\/de.acaral.com.tr\/#organization\",\"name\":\"Silah Aksesuar ve Ekipmanlar\u0131\",\"url\":\"https:\/\/de.acaral.com.tr\/\",\"logo\":{\"@type\":\"ImageObject\",\"inLanguage\":\"de\",\"@id\":\"https:\/\/de.acaral.com.tr\/#\/schema\/logo\/image\/\",\"url\":\"https:\/\/de.acaral.com.tr\/wp-content\/uploads\/logo-fb-2.jpg\",\"contentUrl\":\"https:\/\/de.acaral.com.tr\/wp-content\/uploads\/logo-fb-2.jpg\",\"width\":1687,\"height\":845,\"caption\":\"Silah Aksesuar ve Ekipmanlar\u0131\"},\"image\":{\"@id\":\"https:\/\/de.acaral.com.tr\/#\/schema\/logo\/image\/\"},\"sameAs\":[\"https:\/\/facebook.com\/acaralcom\"]}]}<\/script>\n<!-- \/ Yoast SEO plugin. -->","yoast_head_json":{"title":"Sars\u0131lmaz Sar 9 Pistolenhalfter Schwarz - Acaral","robots":{"index":"index","follow":"follow","max-snippet":"max-snippet:-1","max-image-preview":"max-image-preview:large","max-video-preview":"max-video-preview:-1"},"canonical":"https:\/\/de.acaral.com.tr\/?product=sarsilmaz-sar-9-tabanca-kilifi-siyah","og_locale":"de_DE","og_type":"article","og_title":"Sars\u0131lmaz Sar 9 Pistolenhalfter Schwarz - Acaral","og_description":"Passende Modelle SARSILMAZ SAR 9 FUNKTIONEN UND ERKL\u00c4RUNGEN Das langlebige Polymergeh\u00e4use bietet dank seines patentierten Designs eine ergonomische Benutzerfreundlichkeit. Das","og_url":"https:\/\/de.acaral.com.tr\/?product=sarsilmaz-sar-9-tabanca-kilifi-siyah","og_site_name":"Acaral","article_publisher":"https:\/\/facebook.com\/acaralcom","article_modified_time":"2023-04-25T21:38:49+00:00","og_image":[{"width":1400,"height":1995,"url":"https:\/\/de.acaral.com.tr\/wp-content\/uploads\/IMG_1391.jpg","type":"image\/jpeg"}],"twitter_card":"summary_large_image","twitter_misc":{"Gesch\u00e4tzte Lesezeit":"1\u00a0Minute"},"schema":{"@context":"https:\/\/schema.org","@graph":[{"@type":"WebPage","@id":"https:\/\/de.acaral.com.tr\/?product=sarsilmaz-sar-9-tabanca-kilifi-siyah","url":"https:\/\/de.acaral.com.tr\/?product=sarsilmaz-sar-9-tabanca-kilifi-siyah","name":"Sars\u0131lmaz Sar 9 Pistolenhalfter Schwarz - Acaral","isPartOf":{"@id":"https:\/\/de.acaral.com.tr\/#website"},"datePublished":"2023-03-05T23:48:48+00:00","dateModified":"2023-04-25T21:38:49+00:00","breadcrumb":{"@id":"https:\/\/de.acaral.com.tr\/?product=sarsilmaz-sar-9-tabanca-kilifi-siyah#breadcrumb"},"inLanguage":"de","potentialAction":[{"@type":"ReadAction","target":["https:\/\/de.acaral.com.tr\/?product=sarsilmaz-sar-9-tabanca-kilifi-siyah"]}]},{"@type":"BreadcrumbList","@id":"https:\/\/de.acaral.com.tr\/?product=sarsilmaz-sar-9-tabanca-kilifi-siyah#breadcrumb","itemListElement":[{"@type":"ListItem","position":1,"name":"Anasayfa","item":"https:\/\/de.acaral.com.tr\/"},{"@type":"ListItem","position":2,"name":"Gesch\u00e4ft","item":"https:\/\/de.acaral.com.tr\/?page_id=9"},{"@type":"ListItem","position":3,"name":"Sars\u0131lmaz Sar 9 Pistolenhalfter Schwarz"}]},{"@type":"WebSite","@id":"https:\/\/de.acaral.com.tr\/#website","url":"https:\/\/de.acaral.com.tr\/","name":"Acaral","description":"Waffenzubeh\u00f6r und Ausr\u00fcstung","publisher":{"@id":"https:\/\/de.acaral.com.tr\/#organization"},"potentialAction":[{"@type":"SearchAction","target":{"@type":"EntryPoint","urlTemplate":"https:\/\/de.acaral.com.tr\/?s={search_term_string}"},"query-input":"required name=search_term_string"}],"inLanguage":"de"},{"@type":"Organization","@id":"https:\/\/de.acaral.com.tr\/#organization","name":"Silah Aksesuar ve Ekipmanlar\u0131","url":"https:\/\/de.acaral.com.tr\/","logo":{"@type":"ImageObject","inLanguage":"de","@id":"https:\/\/de.acaral.com.tr\/#\/schema\/logo\/image\/","url":"https:\/\/de.acaral.com.tr\/wp-content\/uploads\/logo-fb-2.jpg","contentUrl":"https:\/\/de.acaral.com.tr\/wp-content\/uploads\/logo-fb-2.jpg","width":1687,"height":845,"caption":"Silah Aksesuar ve Ekipmanlar\u0131"},"image":{"@id":"https:\/\/de.acaral.com.tr\/#\/schema\/logo\/image\/"},"sameAs":["https:\/\/facebook.com\/acaralcom"]}]}},"_links":{"self":[{"href":"https:\/\/de.acaral.com.tr\/index.php?rest_route=\/wp\/v2\/product\/9128"}],"collection":[{"href":"https:\/\/de.acaral.com.tr\/index.php?rest_route=\/wp\/v2\/product"}],"about":[{"href":"https:\/\/de.acaral.com.tr\/index.php?rest_route=\/wp\/v2\/types\/product"}],"replies":[{"embeddable":true,"href":"https:\/\/de.acaral.com.tr\/index.php?rest_route=%2Fwp%2Fv2%2Fcomments&post=9128"}],"wp:featuredmedia":[{"embeddable":true,"href":"https:\/\/de.acaral.com.tr\/index.php?rest_route=\/wp\/v2\/media\/9185"}],"wp:attachment":[{"href":"https:\/\/de.acaral.com.tr\/index.php?rest_route=%2Fwp%2Fv2%2Fmedia&parent=9128"}],"wp:term":[{"taxonomy":"product_cat","embeddable":true,"href":"https:\/\/de.acaral.com.tr\/index.php?rest_route=%2Fwp%2Fv2%2Fproduct_cat&post=9128"},{"taxonomy":"product_tag","embeddable":true,"href":"https:\/\/de.acaral.com.tr\/index.php?rest_route=%2Fwp%2Fv2%2Fproduct_tag&post=9128"}],"curies":[{"name":"wp","href":"https:\/\/api.w.org\/{rel}","templated":true}]}}