{"id":9141,"date":"2023-03-06T02:48:49","date_gmt":"2023-03-05T23:48:49","guid":{"rendered":"https:\/\/de.acaral.com.tr\/index.php\/product\/univesal-genel-kilif-beyaz\/"},"modified":"2023-04-26T00:40:31","modified_gmt":"2023-04-25T21:40:31","slug":"univesal-genel-kilif-beyaz","status":"publish","type":"product","link":"https:\/\/de.acaral.com.tr\/?product=univesal-genel-kilif-beyaz","title":{"rendered":"Universelle (allgemeine) Abdeckung Wei\u00df"},"content":{"rendered":"<p><strong>-PASSENDE MODELLE<\/strong><\/p>\n<p><strong>-GIRSAN MC 28. SAS. SACS.<\/strong><\/p>\n<p><strong>-MC27E. BORA-LICHT.<\/strong><\/p>\n<p><strong>-SARSILMAZ B6C. K2 45<\/strong><\/p>\n<p><strong>-CANIK TP9. 40. 100<\/strong><\/p>\n<p><strong>-YAVUZ 16. F92 BERETTA<\/strong><\/p>\n<p><strong>-KOMPAKT. TUGRA<\/strong><\/p>\n<p><strong>-WALTER P99<\/strong><\/p>\n<p><strong>-SIGSAUER P229<\/strong><\/p>\n<p><strong>FUNKTIONEN UND ERKL\u00c4RUNGEN<\/strong><\/p>\n<ul>\n<li><strong>Das langlebige Polymergeh\u00e4use bietet dank seines patentierten Designs eine ergonomische Benutzerfreundlichkeit.<\/strong><\/li>\n<li><strong>Taktisches Pistolenholster f\u00fcr den Au\u00dfenbereich, geeignet f\u00fcr die Verwendung an einem Bandelier, orthop\u00e4discher Bund f\u00fcr milit\u00e4rische Zwecke.<\/strong><\/li>\n<li><strong>Es erm\u00fcdet den Benutzer w\u00e4hrend langer Transportzeiten nicht.<\/strong><\/li>\n<li><strong>Dank seiner 360-Grad-Drehung kann der Benutzer den Winkel der Waffe nach seinen W\u00fcnschen einstellen.<\/strong><\/li>\n<li><strong>Es ist f\u00fcr milit\u00e4rische, polizeiliche, bewachende und zivile Zwecke geeignet.<\/strong><\/li>\n<li><strong>Dank der Sicherheitsverriegelung wird Ihre Waffe nicht herunterfallen oder gestohlen werden.<\/strong><\/li>\n<li><strong>Rechte und linke Produkte sind verf\u00fcgbar.<\/strong><\/li>\n<li><strong>Es verf\u00fcgt \u00fcber einen herausnehmbaren einzelnen Magazinpfad (nur f\u00fcr Rechtsh\u00e4nder erh\u00e4ltlich).<\/strong><\/li>\n<li><strong>Es hat 2 Jahre Garantie.<\/strong><\/li>\n<\/ul>\n","protected":false},"excerpt":{"rendered":"<p>-PASSENDE MODELLE -GIRSAN MC 28. SAS. SACS. -MC27E. BORA-LICHT. -SARSILMAZ B6C. K2 45 -CANIK TP9. 40. 100 -YAVUZ 16. F92<\/p>\n","protected":false},"featured_media":9286,"comment_status":"open","ping_status":"closed","template":"","meta":[],"product_cat":[42],"product_tag":[],"yoast_head":"<!-- This site is optimized with the Yoast SEO plugin v20.4 - https:\/\/yoast.com\/wordpress\/plugins\/seo\/ -->\n<title>Universelle (allgemeine) Abdeckung Wei\u00df - Acaral<\/title>\n<meta name=\"robots\" content=\"index, follow, max-snippet:-1, max-image-preview:large, max-video-preview:-1\" \/>\n<link rel=\"canonical\" href=\"https:\/\/de.acaral.com.tr\/?product=univesal-genel-kilif-beyaz\" \/>\n<meta property=\"og:locale\" content=\"de_DE\" \/>\n<meta property=\"og:type\" content=\"article\" \/>\n<meta property=\"og:title\" content=\"Universelle (allgemeine) Abdeckung Wei\u00df - Acaral\" \/>\n<meta property=\"og:description\" content=\"-PASSENDE MODELLE -GIRSAN MC 28. SAS. SACS. -MC27E. BORA-LICHT. -SARSILMAZ B6C. K2 45 -CANIK TP9. 40. 100 -YAVUZ 16. F92\" \/>\n<meta property=\"og:url\" content=\"https:\/\/de.acaral.com.tr\/?product=univesal-genel-kilif-beyaz\" \/>\n<meta property=\"og:site_name\" content=\"Acaral\" \/>\n<meta property=\"article:publisher\" content=\"https:\/\/facebook.com\/acaralcom\" \/>\n<meta property=\"article:modified_time\" content=\"2023-04-25T21:40:31+00:00\" \/>\n<meta property=\"og:image\" content=\"https:\/\/de.acaral.com.tr\/wp-content\/uploads\/beyaz-tabanca-kilifi.jpg\" \/>\n\t<meta property=\"og:image:width\" content=\"1400\" \/>\n\t<meta property=\"og:image:height\" content=\"1995\" \/>\n\t<meta property=\"og:image:type\" content=\"image\/jpeg\" \/>\n<meta name=\"twitter:card\" content=\"summary_large_image\" \/>\n<meta name=\"twitter:label1\" content=\"Gesch\u00e4tzte Lesezeit\" \/>\n\t<meta name=\"twitter:data1\" content=\"1\u00a0Minute\" \/>\n<script type=\"application\/ld+json\" class=\"yoast-schema-graph\">{\"@context\":\"https:\/\/schema.org\",\"@graph\":[{\"@type\":\"WebPage\",\"@id\":\"https:\/\/de.acaral.com.tr\/?product=univesal-genel-kilif-beyaz\",\"url\":\"https:\/\/de.acaral.com.tr\/?product=univesal-genel-kilif-beyaz\",\"name\":\"Universelle (allgemeine) Abdeckung Wei\u00df - Acaral\",\"isPartOf\":{\"@id\":\"https:\/\/de.acaral.com.tr\/#website\"},\"datePublished\":\"2023-03-05T23:48:49+00:00\",\"dateModified\":\"2023-04-25T21:40:31+00:00\",\"breadcrumb\":{\"@id\":\"https:\/\/de.acaral.com.tr\/?product=univesal-genel-kilif-beyaz#breadcrumb\"},\"inLanguage\":\"de\",\"potentialAction\":[{\"@type\":\"ReadAction\",\"target\":[\"https:\/\/de.acaral.com.tr\/?product=univesal-genel-kilif-beyaz\"]}]},{\"@type\":\"BreadcrumbList\",\"@id\":\"https:\/\/de.acaral.com.tr\/?product=univesal-genel-kilif-beyaz#breadcrumb\",\"itemListElement\":[{\"@type\":\"ListItem\",\"position\":1,\"name\":\"Anasayfa\",\"item\":\"https:\/\/de.acaral.com.tr\/\"},{\"@type\":\"ListItem\",\"position\":2,\"name\":\"Gesch\u00e4ft\",\"item\":\"https:\/\/de.acaral.com.tr\/?page_id=9\"},{\"@type\":\"ListItem\",\"position\":3,\"name\":\"Universelle (allgemeine) Abdeckung Wei\u00df\"}]},{\"@type\":\"WebSite\",\"@id\":\"https:\/\/de.acaral.com.tr\/#website\",\"url\":\"https:\/\/de.acaral.com.tr\/\",\"name\":\"Acaral\",\"description\":\"Waffenzubeh\u00f6r und Ausr\u00fcstung\",\"publisher\":{\"@id\":\"https:\/\/de.acaral.com.tr\/#organization\"},\"potentialAction\":[{\"@type\":\"SearchAction\",\"target\":{\"@type\":\"EntryPoint\",\"urlTemplate\":\"https:\/\/de.acaral.com.tr\/?s={search_term_string}\"},\"query-input\":\"required name=search_term_string\"}],\"inLanguage\":\"de\"},{\"@type\":\"Organization\",\"@id\":\"https:\/\/de.acaral.com.tr\/#organization\",\"name\":\"Silah Aksesuar ve Ekipmanlar\u0131\",\"url\":\"https:\/\/de.acaral.com.tr\/\",\"logo\":{\"@type\":\"ImageObject\",\"inLanguage\":\"de\",\"@id\":\"https:\/\/de.acaral.com.tr\/#\/schema\/logo\/image\/\",\"url\":\"https:\/\/de.acaral.com.tr\/wp-content\/uploads\/logo-fb-2.jpg\",\"contentUrl\":\"https:\/\/de.acaral.com.tr\/wp-content\/uploads\/logo-fb-2.jpg\",\"width\":1687,\"height\":845,\"caption\":\"Silah Aksesuar ve Ekipmanlar\u0131\"},\"image\":{\"@id\":\"https:\/\/de.acaral.com.tr\/#\/schema\/logo\/image\/\"},\"sameAs\":[\"https:\/\/facebook.com\/acaralcom\"]}]}<\/script>\n<!-- \/ Yoast SEO plugin. -->","yoast_head_json":{"title":"Universelle (allgemeine) Abdeckung Wei\u00df - Acaral","robots":{"index":"index","follow":"follow","max-snippet":"max-snippet:-1","max-image-preview":"max-image-preview:large","max-video-preview":"max-video-preview:-1"},"canonical":"https:\/\/de.acaral.com.tr\/?product=univesal-genel-kilif-beyaz","og_locale":"de_DE","og_type":"article","og_title":"Universelle (allgemeine) Abdeckung Wei\u00df - Acaral","og_description":"-PASSENDE MODELLE -GIRSAN MC 28. SAS. SACS. -MC27E. BORA-LICHT. -SARSILMAZ B6C. K2 45 -CANIK TP9. 40. 100 -YAVUZ 16. F92","og_url":"https:\/\/de.acaral.com.tr\/?product=univesal-genel-kilif-beyaz","og_site_name":"Acaral","article_publisher":"https:\/\/facebook.com\/acaralcom","article_modified_time":"2023-04-25T21:40:31+00:00","og_image":[{"width":1400,"height":1995,"url":"https:\/\/de.acaral.com.tr\/wp-content\/uploads\/beyaz-tabanca-kilifi.jpg","type":"image\/jpeg"}],"twitter_card":"summary_large_image","twitter_misc":{"Gesch\u00e4tzte Lesezeit":"1\u00a0Minute"},"schema":{"@context":"https:\/\/schema.org","@graph":[{"@type":"WebPage","@id":"https:\/\/de.acaral.com.tr\/?product=univesal-genel-kilif-beyaz","url":"https:\/\/de.acaral.com.tr\/?product=univesal-genel-kilif-beyaz","name":"Universelle (allgemeine) Abdeckung Wei\u00df - Acaral","isPartOf":{"@id":"https:\/\/de.acaral.com.tr\/#website"},"datePublished":"2023-03-05T23:48:49+00:00","dateModified":"2023-04-25T21:40:31+00:00","breadcrumb":{"@id":"https:\/\/de.acaral.com.tr\/?product=univesal-genel-kilif-beyaz#breadcrumb"},"inLanguage":"de","potentialAction":[{"@type":"ReadAction","target":["https:\/\/de.acaral.com.tr\/?product=univesal-genel-kilif-beyaz"]}]},{"@type":"BreadcrumbList","@id":"https:\/\/de.acaral.com.tr\/?product=univesal-genel-kilif-beyaz#breadcrumb","itemListElement":[{"@type":"ListItem","position":1,"name":"Anasayfa","item":"https:\/\/de.acaral.com.tr\/"},{"@type":"ListItem","position":2,"name":"Gesch\u00e4ft","item":"https:\/\/de.acaral.com.tr\/?page_id=9"},{"@type":"ListItem","position":3,"name":"Universelle (allgemeine) Abdeckung Wei\u00df"}]},{"@type":"WebSite","@id":"https:\/\/de.acaral.com.tr\/#website","url":"https:\/\/de.acaral.com.tr\/","name":"Acaral","description":"Waffenzubeh\u00f6r und Ausr\u00fcstung","publisher":{"@id":"https:\/\/de.acaral.com.tr\/#organization"},"potentialAction":[{"@type":"SearchAction","target":{"@type":"EntryPoint","urlTemplate":"https:\/\/de.acaral.com.tr\/?s={search_term_string}"},"query-input":"required name=search_term_string"}],"inLanguage":"de"},{"@type":"Organization","@id":"https:\/\/de.acaral.com.tr\/#organization","name":"Silah Aksesuar ve Ekipmanlar\u0131","url":"https:\/\/de.acaral.com.tr\/","logo":{"@type":"ImageObject","inLanguage":"de","@id":"https:\/\/de.acaral.com.tr\/#\/schema\/logo\/image\/","url":"https:\/\/de.acaral.com.tr\/wp-content\/uploads\/logo-fb-2.jpg","contentUrl":"https:\/\/de.acaral.com.tr\/wp-content\/uploads\/logo-fb-2.jpg","width":1687,"height":845,"caption":"Silah Aksesuar ve Ekipmanlar\u0131"},"image":{"@id":"https:\/\/de.acaral.com.tr\/#\/schema\/logo\/image\/"},"sameAs":["https:\/\/facebook.com\/acaralcom"]}]}},"_links":{"self":[{"href":"https:\/\/de.acaral.com.tr\/index.php?rest_route=\/wp\/v2\/product\/9141"}],"collection":[{"href":"https:\/\/de.acaral.com.tr\/index.php?rest_route=\/wp\/v2\/product"}],"about":[{"href":"https:\/\/de.acaral.com.tr\/index.php?rest_route=\/wp\/v2\/types\/product"}],"replies":[{"embeddable":true,"href":"https:\/\/de.acaral.com.tr\/index.php?rest_route=%2Fwp%2Fv2%2Fcomments&post=9141"}],"wp:featuredmedia":[{"embeddable":true,"href":"https:\/\/de.acaral.com.tr\/index.php?rest_route=\/wp\/v2\/media\/9286"}],"wp:attachment":[{"href":"https:\/\/de.acaral.com.tr\/index.php?rest_route=%2Fwp%2Fv2%2Fmedia&parent=9141"}],"wp:term":[{"taxonomy":"product_cat","embeddable":true,"href":"https:\/\/de.acaral.com.tr\/index.php?rest_route=%2Fwp%2Fv2%2Fproduct_cat&post=9141"},{"taxonomy":"product_tag","embeddable":true,"href":"https:\/\/de.acaral.com.tr\/index.php?rest_route=%2Fwp%2Fv2%2Fproduct_tag&post=9141"}],"curies":[{"name":"wp","href":"https:\/\/api.w.org\/{rel}","templated":true}]}}