{"id":9147,"date":"2023-03-06T02:48:50","date_gmt":"2023-03-05T23:48:50","guid":{"rendered":"https:\/\/de.acaral.com.tr\/index.php\/product\/glock-tabanca-kilifi-beyaz\/"},"modified":"2023-06-04T18:33:11","modified_gmt":"2023-06-04T15:33:11","slug":"glock-tabanca-kilifi-beyaz","status":"publish","type":"product","link":"https:\/\/de.acaral.com.tr\/?product=glock-tabanca-kilifi-beyaz","title":{"rendered":"Glock Pistolenholster Wei\u00df"},"content":{"rendered":"<p><strong>GEEIGNET F\u00dcR MODELLE<\/strong><\/p>\n<p><strong>-GLOCK 17. 19. 32.<\/strong><\/p>\n<p><strong>-ZIGANA F. FC. 63<\/strong><\/p>\n<p><strong>-ZIGANA K. KC. ST<\/strong><\/p>\n<p><strong>-ST 10<\/strong><\/p>\n<p><strong>-K 12<\/strong><\/p>\n<p><strong>MERKMALE UND ERL\u00c4UTERUNGEN<\/strong><\/p>\n<ul>\n<li><strong>Das robuste Polymergeh\u00e4use bietet dank seines patentierten Designs ergonomische Benutzerfreundlichkeit.<\/strong><\/li>\n<li><strong>Das \u00e4u\u00dfere taktische Pistolenholster ist f\u00fcr die Verwendung mit einem Bandelier geeignet und erm\u00fcdet den Benutzer dank seines orthop\u00e4dischen, f\u00fcr den milit\u00e4rischen Einsatz konzipierten Bunds auch bei stundenlangem Tragen nicht.<\/strong><\/li>\n<li><strong>Dank der um 360\u2070 drehbaren Struktur kann der Benutzer den Winkel der Waffe nach seinen W\u00fcnschen anpassen.<\/strong><\/li>\n<li><strong>Geeignet f\u00fcr den milit\u00e4rischen, polizeilichen und zivilen Einsatz.<\/strong><\/li>\n<li><strong>Dank der Sicherheitsverriegelung kann Ihre Waffe nicht herunterfallen oder gestohlen werden.<\/strong><\/li>\n<li><strong>Es sind rechte und linke Produkte erh\u00e4ltlich.<\/strong><\/li>\n<li><strong>Es verf\u00fcgt \u00fcber einen abnehmbaren Einzelmagazinpfad. (Nur f\u00fcr rechtsh\u00e4ndige Produkte verf\u00fcgbar)<\/strong><\/li>\n<li><strong>Dank der unter dem Holster befindlichen Einstellschraube kann der Benutzer den Anzug der Waffe beim Einf\u00fchren in das Holster nach Wunsch einstellen.<\/strong><\/li>\n<li><strong>Es gibt 2 Jahre Garantie.<\/strong><\/li>\n<\/ul>\n","protected":false},"excerpt":{"rendered":"<p>GEEIGNET F\u00dcR MODELLE -GLOCK 17. 19. 32. -ZIGANA F. FC. 63 -ZIGANA K. KC. ST -ST 10 -K 12 MERKMALE<\/p>\n","protected":false},"featured_media":9280,"comment_status":"open","ping_status":"closed","template":"","meta":[],"product_cat":[42],"product_tag":[],"yoast_head":"<!-- This site is optimized with the Yoast SEO plugin v20.4 - https:\/\/yoast.com\/wordpress\/plugins\/seo\/ -->\n<title>Glock Pistolenholster Wei\u00df - Acaral<\/title>\n<meta name=\"robots\" content=\"index, follow, max-snippet:-1, max-image-preview:large, max-video-preview:-1\" \/>\n<link rel=\"canonical\" href=\"https:\/\/de.acaral.com.tr\/?product=glock-tabanca-kilifi-beyaz\" \/>\n<meta property=\"og:locale\" content=\"de_DE\" \/>\n<meta property=\"og:type\" content=\"article\" \/>\n<meta property=\"og:title\" content=\"Glock Pistolenholster Wei\u00df - Acaral\" \/>\n<meta property=\"og:description\" content=\"GEEIGNET F\u00dcR MODELLE -GLOCK 17. 19. 32. -ZIGANA F. FC. 63 -ZIGANA K. KC. ST -ST 10 -K 12 MERKMALE\" \/>\n<meta property=\"og:url\" content=\"https:\/\/de.acaral.com.tr\/?product=glock-tabanca-kilifi-beyaz\" \/>\n<meta property=\"og:site_name\" content=\"Acaral\" \/>\n<meta property=\"article:publisher\" content=\"https:\/\/facebook.com\/acaralcom\" \/>\n<meta property=\"article:modified_time\" content=\"2023-06-04T15:33:11+00:00\" \/>\n<meta property=\"og:image\" content=\"https:\/\/de.acaral.com.tr\/wp-content\/uploads\/glock-tabanca-kilifi-1.jpg\" \/>\n\t<meta property=\"og:image:width\" content=\"1400\" \/>\n\t<meta property=\"og:image:height\" content=\"1995\" \/>\n\t<meta property=\"og:image:type\" content=\"image\/jpeg\" \/>\n<meta name=\"twitter:card\" content=\"summary_large_image\" \/>\n<meta name=\"twitter:label1\" content=\"Gesch\u00e4tzte Lesezeit\" \/>\n\t<meta name=\"twitter:data1\" content=\"1\u00a0Minute\" \/>\n<script type=\"application\/ld+json\" class=\"yoast-schema-graph\">{\"@context\":\"https:\/\/schema.org\",\"@graph\":[{\"@type\":\"WebPage\",\"@id\":\"https:\/\/de.acaral.com.tr\/?product=glock-tabanca-kilifi-beyaz\",\"url\":\"https:\/\/de.acaral.com.tr\/?product=glock-tabanca-kilifi-beyaz\",\"name\":\"Glock Pistolenholster Wei\u00df - Acaral\",\"isPartOf\":{\"@id\":\"https:\/\/de.acaral.com.tr\/#website\"},\"datePublished\":\"2023-03-05T23:48:50+00:00\",\"dateModified\":\"2023-06-04T15:33:11+00:00\",\"breadcrumb\":{\"@id\":\"https:\/\/de.acaral.com.tr\/?product=glock-tabanca-kilifi-beyaz#breadcrumb\"},\"inLanguage\":\"de\",\"potentialAction\":[{\"@type\":\"ReadAction\",\"target\":[\"https:\/\/de.acaral.com.tr\/?product=glock-tabanca-kilifi-beyaz\"]}]},{\"@type\":\"BreadcrumbList\",\"@id\":\"https:\/\/de.acaral.com.tr\/?product=glock-tabanca-kilifi-beyaz#breadcrumb\",\"itemListElement\":[{\"@type\":\"ListItem\",\"position\":1,\"name\":\"Anasayfa\",\"item\":\"https:\/\/de.acaral.com.tr\/\"},{\"@type\":\"ListItem\",\"position\":2,\"name\":\"Gesch\u00e4ft\",\"item\":\"https:\/\/de.acaral.com.tr\/?page_id=9\"},{\"@type\":\"ListItem\",\"position\":3,\"name\":\"Glock Pistolenholster Wei\u00df\"}]},{\"@type\":\"WebSite\",\"@id\":\"https:\/\/de.acaral.com.tr\/#website\",\"url\":\"https:\/\/de.acaral.com.tr\/\",\"name\":\"Acaral\",\"description\":\"Waffenzubeh\u00f6r und Ausr\u00fcstung\",\"publisher\":{\"@id\":\"https:\/\/de.acaral.com.tr\/#organization\"},\"potentialAction\":[{\"@type\":\"SearchAction\",\"target\":{\"@type\":\"EntryPoint\",\"urlTemplate\":\"https:\/\/de.acaral.com.tr\/?s={search_term_string}\"},\"query-input\":\"required name=search_term_string\"}],\"inLanguage\":\"de\"},{\"@type\":\"Organization\",\"@id\":\"https:\/\/de.acaral.com.tr\/#organization\",\"name\":\"Silah Aksesuar ve Ekipmanlar\u0131\",\"url\":\"https:\/\/de.acaral.com.tr\/\",\"logo\":{\"@type\":\"ImageObject\",\"inLanguage\":\"de\",\"@id\":\"https:\/\/de.acaral.com.tr\/#\/schema\/logo\/image\/\",\"url\":\"https:\/\/de.acaral.com.tr\/wp-content\/uploads\/logo-fb-2.jpg\",\"contentUrl\":\"https:\/\/de.acaral.com.tr\/wp-content\/uploads\/logo-fb-2.jpg\",\"width\":1687,\"height\":845,\"caption\":\"Silah Aksesuar ve Ekipmanlar\u0131\"},\"image\":{\"@id\":\"https:\/\/de.acaral.com.tr\/#\/schema\/logo\/image\/\"},\"sameAs\":[\"https:\/\/facebook.com\/acaralcom\"]}]}<\/script>\n<!-- \/ Yoast SEO plugin. -->","yoast_head_json":{"title":"Glock Pistolenholster Wei\u00df - Acaral","robots":{"index":"index","follow":"follow","max-snippet":"max-snippet:-1","max-image-preview":"max-image-preview:large","max-video-preview":"max-video-preview:-1"},"canonical":"https:\/\/de.acaral.com.tr\/?product=glock-tabanca-kilifi-beyaz","og_locale":"de_DE","og_type":"article","og_title":"Glock Pistolenholster Wei\u00df - Acaral","og_description":"GEEIGNET F\u00dcR MODELLE -GLOCK 17. 19. 32. -ZIGANA F. FC. 63 -ZIGANA K. KC. ST -ST 10 -K 12 MERKMALE","og_url":"https:\/\/de.acaral.com.tr\/?product=glock-tabanca-kilifi-beyaz","og_site_name":"Acaral","article_publisher":"https:\/\/facebook.com\/acaralcom","article_modified_time":"2023-06-04T15:33:11+00:00","og_image":[{"width":1400,"height":1995,"url":"https:\/\/de.acaral.com.tr\/wp-content\/uploads\/glock-tabanca-kilifi-1.jpg","type":"image\/jpeg"}],"twitter_card":"summary_large_image","twitter_misc":{"Gesch\u00e4tzte Lesezeit":"1\u00a0Minute"},"schema":{"@context":"https:\/\/schema.org","@graph":[{"@type":"WebPage","@id":"https:\/\/de.acaral.com.tr\/?product=glock-tabanca-kilifi-beyaz","url":"https:\/\/de.acaral.com.tr\/?product=glock-tabanca-kilifi-beyaz","name":"Glock Pistolenholster Wei\u00df - Acaral","isPartOf":{"@id":"https:\/\/de.acaral.com.tr\/#website"},"datePublished":"2023-03-05T23:48:50+00:00","dateModified":"2023-06-04T15:33:11+00:00","breadcrumb":{"@id":"https:\/\/de.acaral.com.tr\/?product=glock-tabanca-kilifi-beyaz#breadcrumb"},"inLanguage":"de","potentialAction":[{"@type":"ReadAction","target":["https:\/\/de.acaral.com.tr\/?product=glock-tabanca-kilifi-beyaz"]}]},{"@type":"BreadcrumbList","@id":"https:\/\/de.acaral.com.tr\/?product=glock-tabanca-kilifi-beyaz#breadcrumb","itemListElement":[{"@type":"ListItem","position":1,"name":"Anasayfa","item":"https:\/\/de.acaral.com.tr\/"},{"@type":"ListItem","position":2,"name":"Gesch\u00e4ft","item":"https:\/\/de.acaral.com.tr\/?page_id=9"},{"@type":"ListItem","position":3,"name":"Glock Pistolenholster Wei\u00df"}]},{"@type":"WebSite","@id":"https:\/\/de.acaral.com.tr\/#website","url":"https:\/\/de.acaral.com.tr\/","name":"Acaral","description":"Waffenzubeh\u00f6r und Ausr\u00fcstung","publisher":{"@id":"https:\/\/de.acaral.com.tr\/#organization"},"potentialAction":[{"@type":"SearchAction","target":{"@type":"EntryPoint","urlTemplate":"https:\/\/de.acaral.com.tr\/?s={search_term_string}"},"query-input":"required name=search_term_string"}],"inLanguage":"de"},{"@type":"Organization","@id":"https:\/\/de.acaral.com.tr\/#organization","name":"Silah Aksesuar ve Ekipmanlar\u0131","url":"https:\/\/de.acaral.com.tr\/","logo":{"@type":"ImageObject","inLanguage":"de","@id":"https:\/\/de.acaral.com.tr\/#\/schema\/logo\/image\/","url":"https:\/\/de.acaral.com.tr\/wp-content\/uploads\/logo-fb-2.jpg","contentUrl":"https:\/\/de.acaral.com.tr\/wp-content\/uploads\/logo-fb-2.jpg","width":1687,"height":845,"caption":"Silah Aksesuar ve Ekipmanlar\u0131"},"image":{"@id":"https:\/\/de.acaral.com.tr\/#\/schema\/logo\/image\/"},"sameAs":["https:\/\/facebook.com\/acaralcom"]}]}},"_links":{"self":[{"href":"https:\/\/de.acaral.com.tr\/index.php?rest_route=\/wp\/v2\/product\/9147"}],"collection":[{"href":"https:\/\/de.acaral.com.tr\/index.php?rest_route=\/wp\/v2\/product"}],"about":[{"href":"https:\/\/de.acaral.com.tr\/index.php?rest_route=\/wp\/v2\/types\/product"}],"replies":[{"embeddable":true,"href":"https:\/\/de.acaral.com.tr\/index.php?rest_route=%2Fwp%2Fv2%2Fcomments&post=9147"}],"wp:featuredmedia":[{"embeddable":true,"href":"https:\/\/de.acaral.com.tr\/index.php?rest_route=\/wp\/v2\/media\/9280"}],"wp:attachment":[{"href":"https:\/\/de.acaral.com.tr\/index.php?rest_route=%2Fwp%2Fv2%2Fmedia&parent=9147"}],"wp:term":[{"taxonomy":"product_cat","embeddable":true,"href":"https:\/\/de.acaral.com.tr\/index.php?rest_route=%2Fwp%2Fv2%2Fproduct_cat&post=9147"},{"taxonomy":"product_tag","embeddable":true,"href":"https:\/\/de.acaral.com.tr\/index.php?rest_route=%2Fwp%2Fv2%2Fproduct_tag&post=9147"}],"curies":[{"name":"wp","href":"https:\/\/api.w.org\/{rel}","templated":true}]}}