{"id":9246,"date":"2023-03-08T22:15:01","date_gmt":"2023-03-08T19:15:01","guid":{"rendered":"https:\/\/de.acaral.com.tr\/?post_type=product&#038;p=9246"},"modified":"2023-04-25T23:55:00","modified_gmt":"2023-04-25T20:55:00","slug":"sarsilmaz-kilinc-mega-icra-yayi","status":"publish","type":"product","link":"https:\/\/de.acaral.com.tr\/?product=sarsilmaz-kilinc-mega-icra-yayi","title":{"rendered":"Sars\u0131lmaz K\u0131l\u0131n\u00e7 Mega Executive Spring"},"content":{"rendered":"","protected":false},"excerpt":{"rendered":"","protected":false},"featured_media":9247,"comment_status":"open","ping_status":"closed","template":"","meta":[],"product_cat":[28],"product_tag":[],"yoast_head":"<!-- This site is optimized with the Yoast SEO plugin v20.4 - https:\/\/yoast.com\/wordpress\/plugins\/seo\/ -->\n<title>Sars\u0131lmaz K\u0131l\u0131n\u00e7 Mega Executive Spring - Acaral<\/title>\n<meta name=\"robots\" content=\"index, follow, max-snippet:-1, max-image-preview:large, max-video-preview:-1\" \/>\n<link rel=\"canonical\" href=\"https:\/\/de.acaral.com.tr\/?product=sarsilmaz-kilinc-mega-icra-yayi\" \/>\n<meta property=\"og:locale\" content=\"de_DE\" \/>\n<meta property=\"og:type\" content=\"article\" \/>\n<meta property=\"og:title\" content=\"Sars\u0131lmaz K\u0131l\u0131n\u00e7 Mega Executive Spring - Acaral\" \/>\n<meta property=\"og:url\" content=\"https:\/\/de.acaral.com.tr\/?product=sarsilmaz-kilinc-mega-icra-yayi\" \/>\n<meta property=\"og:site_name\" content=\"Acaral\" \/>\n<meta property=\"article:publisher\" content=\"https:\/\/facebook.com\/acaralcom\" \/>\n<meta property=\"article:modified_time\" content=\"2023-04-25T20:55:00+00:00\" \/>\n<meta property=\"og:image\" content=\"https:\/\/de.acaral.com.tr\/wp-content\/uploads\/IMG_1392.jpg\" \/>\n\t<meta property=\"og:image:width\" content=\"1400\" \/>\n\t<meta property=\"og:image:height\" content=\"1995\" \/>\n\t<meta property=\"og:image:type\" content=\"image\/jpeg\" \/>\n<meta name=\"twitter:card\" content=\"summary_large_image\" \/>\n<script type=\"application\/ld+json\" class=\"yoast-schema-graph\">{\"@context\":\"https:\/\/schema.org\",\"@graph\":[{\"@type\":\"WebPage\",\"@id\":\"https:\/\/de.acaral.com.tr\/?product=sarsilmaz-kilinc-mega-icra-yayi\",\"url\":\"https:\/\/de.acaral.com.tr\/?product=sarsilmaz-kilinc-mega-icra-yayi\",\"name\":\"Sars\u0131lmaz K\u0131l\u0131n\u00e7 Mega Executive Spring - Acaral\",\"isPartOf\":{\"@id\":\"https:\/\/de.acaral.com.tr\/#website\"},\"datePublished\":\"2023-03-08T19:15:01+00:00\",\"dateModified\":\"2023-04-25T20:55:00+00:00\",\"breadcrumb\":{\"@id\":\"https:\/\/de.acaral.com.tr\/?product=sarsilmaz-kilinc-mega-icra-yayi#breadcrumb\"},\"inLanguage\":\"de\",\"potentialAction\":[{\"@type\":\"ReadAction\",\"target\":[\"https:\/\/de.acaral.com.tr\/?product=sarsilmaz-kilinc-mega-icra-yayi\"]}]},{\"@type\":\"BreadcrumbList\",\"@id\":\"https:\/\/de.acaral.com.tr\/?product=sarsilmaz-kilinc-mega-icra-yayi#breadcrumb\",\"itemListElement\":[{\"@type\":\"ListItem\",\"position\":1,\"name\":\"Anasayfa\",\"item\":\"https:\/\/de.acaral.com.tr\/\"},{\"@type\":\"ListItem\",\"position\":2,\"name\":\"Gesch\u00e4ft\",\"item\":\"https:\/\/de.acaral.com.tr\/?page_id=9\"},{\"@type\":\"ListItem\",\"position\":3,\"name\":\"Sars\u0131lmaz K\u0131l\u0131n\u00e7 Mega Executive Spring\"}]},{\"@type\":\"WebSite\",\"@id\":\"https:\/\/de.acaral.com.tr\/#website\",\"url\":\"https:\/\/de.acaral.com.tr\/\",\"name\":\"Acaral\",\"description\":\"Waffenzubeh\u00f6r und Ausr\u00fcstung\",\"publisher\":{\"@id\":\"https:\/\/de.acaral.com.tr\/#organization\"},\"potentialAction\":[{\"@type\":\"SearchAction\",\"target\":{\"@type\":\"EntryPoint\",\"urlTemplate\":\"https:\/\/de.acaral.com.tr\/?s={search_term_string}\"},\"query-input\":\"required name=search_term_string\"}],\"inLanguage\":\"de\"},{\"@type\":\"Organization\",\"@id\":\"https:\/\/de.acaral.com.tr\/#organization\",\"name\":\"Silah Aksesuar ve Ekipmanlar\u0131\",\"url\":\"https:\/\/de.acaral.com.tr\/\",\"logo\":{\"@type\":\"ImageObject\",\"inLanguage\":\"de\",\"@id\":\"https:\/\/de.acaral.com.tr\/#\/schema\/logo\/image\/\",\"url\":\"https:\/\/de.acaral.com.tr\/wp-content\/uploads\/logo-fb-2.jpg\",\"contentUrl\":\"https:\/\/de.acaral.com.tr\/wp-content\/uploads\/logo-fb-2.jpg\",\"width\":1687,\"height\":845,\"caption\":\"Silah Aksesuar ve Ekipmanlar\u0131\"},\"image\":{\"@id\":\"https:\/\/de.acaral.com.tr\/#\/schema\/logo\/image\/\"},\"sameAs\":[\"https:\/\/facebook.com\/acaralcom\"]}]}<\/script>\n<!-- \/ Yoast SEO plugin. -->","yoast_head_json":{"title":"Sars\u0131lmaz K\u0131l\u0131n\u00e7 Mega Executive Spring - Acaral","robots":{"index":"index","follow":"follow","max-snippet":"max-snippet:-1","max-image-preview":"max-image-preview:large","max-video-preview":"max-video-preview:-1"},"canonical":"https:\/\/de.acaral.com.tr\/?product=sarsilmaz-kilinc-mega-icra-yayi","og_locale":"de_DE","og_type":"article","og_title":"Sars\u0131lmaz K\u0131l\u0131n\u00e7 Mega Executive Spring - Acaral","og_url":"https:\/\/de.acaral.com.tr\/?product=sarsilmaz-kilinc-mega-icra-yayi","og_site_name":"Acaral","article_publisher":"https:\/\/facebook.com\/acaralcom","article_modified_time":"2023-04-25T20:55:00+00:00","og_image":[{"width":1400,"height":1995,"url":"https:\/\/de.acaral.com.tr\/wp-content\/uploads\/IMG_1392.jpg","type":"image\/jpeg"}],"twitter_card":"summary_large_image","schema":{"@context":"https:\/\/schema.org","@graph":[{"@type":"WebPage","@id":"https:\/\/de.acaral.com.tr\/?product=sarsilmaz-kilinc-mega-icra-yayi","url":"https:\/\/de.acaral.com.tr\/?product=sarsilmaz-kilinc-mega-icra-yayi","name":"Sars\u0131lmaz K\u0131l\u0131n\u00e7 Mega Executive Spring - Acaral","isPartOf":{"@id":"https:\/\/de.acaral.com.tr\/#website"},"datePublished":"2023-03-08T19:15:01+00:00","dateModified":"2023-04-25T20:55:00+00:00","breadcrumb":{"@id":"https:\/\/de.acaral.com.tr\/?product=sarsilmaz-kilinc-mega-icra-yayi#breadcrumb"},"inLanguage":"de","potentialAction":[{"@type":"ReadAction","target":["https:\/\/de.acaral.com.tr\/?product=sarsilmaz-kilinc-mega-icra-yayi"]}]},{"@type":"BreadcrumbList","@id":"https:\/\/de.acaral.com.tr\/?product=sarsilmaz-kilinc-mega-icra-yayi#breadcrumb","itemListElement":[{"@type":"ListItem","position":1,"name":"Anasayfa","item":"https:\/\/de.acaral.com.tr\/"},{"@type":"ListItem","position":2,"name":"Gesch\u00e4ft","item":"https:\/\/de.acaral.com.tr\/?page_id=9"},{"@type":"ListItem","position":3,"name":"Sars\u0131lmaz K\u0131l\u0131n\u00e7 Mega Executive Spring"}]},{"@type":"WebSite","@id":"https:\/\/de.acaral.com.tr\/#website","url":"https:\/\/de.acaral.com.tr\/","name":"Acaral","description":"Waffenzubeh\u00f6r und Ausr\u00fcstung","publisher":{"@id":"https:\/\/de.acaral.com.tr\/#organization"},"potentialAction":[{"@type":"SearchAction","target":{"@type":"EntryPoint","urlTemplate":"https:\/\/de.acaral.com.tr\/?s={search_term_string}"},"query-input":"required name=search_term_string"}],"inLanguage":"de"},{"@type":"Organization","@id":"https:\/\/de.acaral.com.tr\/#organization","name":"Silah Aksesuar ve Ekipmanlar\u0131","url":"https:\/\/de.acaral.com.tr\/","logo":{"@type":"ImageObject","inLanguage":"de","@id":"https:\/\/de.acaral.com.tr\/#\/schema\/logo\/image\/","url":"https:\/\/de.acaral.com.tr\/wp-content\/uploads\/logo-fb-2.jpg","contentUrl":"https:\/\/de.acaral.com.tr\/wp-content\/uploads\/logo-fb-2.jpg","width":1687,"height":845,"caption":"Silah Aksesuar ve Ekipmanlar\u0131"},"image":{"@id":"https:\/\/de.acaral.com.tr\/#\/schema\/logo\/image\/"},"sameAs":["https:\/\/facebook.com\/acaralcom"]}]}},"_links":{"self":[{"href":"https:\/\/de.acaral.com.tr\/index.php?rest_route=\/wp\/v2\/product\/9246"}],"collection":[{"href":"https:\/\/de.acaral.com.tr\/index.php?rest_route=\/wp\/v2\/product"}],"about":[{"href":"https:\/\/de.acaral.com.tr\/index.php?rest_route=\/wp\/v2\/types\/product"}],"replies":[{"embeddable":true,"href":"https:\/\/de.acaral.com.tr\/index.php?rest_route=%2Fwp%2Fv2%2Fcomments&post=9246"}],"wp:featuredmedia":[{"embeddable":true,"href":"https:\/\/de.acaral.com.tr\/index.php?rest_route=\/wp\/v2\/media\/9247"}],"wp:attachment":[{"href":"https:\/\/de.acaral.com.tr\/index.php?rest_route=%2Fwp%2Fv2%2Fmedia&parent=9246"}],"wp:term":[{"taxonomy":"product_cat","embeddable":true,"href":"https:\/\/de.acaral.com.tr\/index.php?rest_route=%2Fwp%2Fv2%2Fproduct_cat&post=9246"},{"taxonomy":"product_tag","embeddable":true,"href":"https:\/\/de.acaral.com.tr\/index.php?rest_route=%2Fwp%2Fv2%2Fproduct_tag&post=9246"}],"curies":[{"name":"wp","href":"https:\/\/api.w.org\/{rel}","templated":true}]}}