{"id":9526,"date":"2023-03-25T17:45:02","date_gmt":"2023-03-25T14:45:02","guid":{"rendered":"https:\/\/de.acaral.com.tr\/?post_type=product&#038;p=9526"},"modified":"2023-04-25T23:54:49","modified_gmt":"2023-04-25T20:54:49","slug":"sarsilmaz-sar-9-alcak-tasima-tabanca-kilifi-siyah","status":"publish","type":"product","link":"https:\/\/de.acaral.com.tr\/?product=sarsilmaz-sar-9-alcak-tasima-tabanca-kilifi-siyah","title":{"rendered":"Sars\u0131lmaz Sar 9 Low Carry Pistolenhalfter Schwarz"},"content":{"rendered":"<p><strong>Passende Modelle<\/strong><\/p>\n<p><strong>SARSILMAZ SAR 9<\/strong><\/p>\n<p><strong>FUNKTIONEN UND ERKL\u00c4RUNGEN<\/strong><\/p>\n<ul>\n<li><strong>Die verfahrbare Tieftransportvorrichtung ist eine um 270 Grad drehbare Tieftransportplattform.<\/strong><\/li>\n<li><strong>Das Beinholster verriegelt Ihre Waffe vom Abzugsb\u00fcgel. Dank der Waffenarretierung f\u00e4llt Ihre Waffe auch bei Ihren schwierigsten Bewegungen wie Laufen, <\/strong><\/li>\n<li><strong>Zusammenbrechen, Aufstehen und Purzelb\u00e4umen nie aus dem Holster.<\/strong><\/li>\n<li><strong>Es gibt eine verstellbare Beins\u00e4ule mit Steckschnalle, um den niedrigen Trageapparat an Ihrem Bein zu befestigen.<\/strong><\/li>\n<li><strong>Da es nach dem Schwerpunkt des K\u00f6rpers ausgelegt ist, sorgt es daf\u00fcr, dass das Gewicht der Waffe auf einem minimalen Niveau zu sp\u00fcren ist.<\/strong><\/li>\n<li><strong>Kurz gesagt, es passt sich jeder Bewegung Ihres K\u00f6rpers beim Sitzen, Stehen, Gehen und Laufen an.<\/strong><\/li>\n<li><strong>Es bewegt sich synchron mit Ihrem Bein entsprechend Ihrer Sitzposition im Fahrzeug und dem Motor.<\/strong><\/li>\n<li><strong>Sie k\u00f6nnen Ihr taktisches Holster auf 3 verschiedenen Ebenen montieren. Auf diese Weise haben Sie die M\u00f6glichkeit, leichter zu schie\u00dfen und zu schie\u00dfen, <\/strong><strong>indem Sie Ihre Waffe an dem Bereich montieren, in dem Sie bequem schie\u00dfen k\u00f6nnen.<\/strong><\/li>\n<li><strong>Rechte und linke Produkte sind verf\u00fcgbar.<\/strong><\/li>\n<li><strong>Es verf\u00fcgt \u00fcber einen herausnehmbaren einzelnen Magazinpfad (nur f\u00fcr Rechtsh\u00e4nder erh\u00e4ltlich).<\/strong><\/li>\n<li><strong>Das Low-Trage-Holster aus Polymer bietet Ihnen zus\u00e4tzlichen Komfort bei Missionen und taktischen Schie\u00dfen.<\/strong><\/li>\n<li><strong>Es kann auch als Low-Carry-Waffenholster, Polizei-Beinholster, Guard-Beinholster, Spezialoperations-Beinholster und Gendarmerie-Beinholster verwendet werden.<\/strong><\/li>\n<li><strong>Kompatibel mit allen G\u00fcrteln, taktischen G\u00fcrteln und Lederg\u00fcrteln.<\/strong><\/li>\n<\/ul>\n","protected":false},"excerpt":{"rendered":"<p>Passende Modelle SARSILMAZ SAR 9 FUNKTIONEN UND ERKL\u00c4RUNGEN Die verfahrbare Tieftransportvorrichtung ist eine um 270 Grad drehbare Tieftransportplattform. Das Beinholster<\/p>\n","protected":false},"featured_media":9530,"comment_status":"open","ping_status":"closed","template":"","meta":[],"product_cat":[42],"product_tag":[],"yoast_head":"<!-- This site is optimized with the Yoast SEO plugin v20.4 - https:\/\/yoast.com\/wordpress\/plugins\/seo\/ -->\n<title>Sars\u0131lmaz Sar 9 Low Carry Pistolenhalfter Schwarz - Acaral<\/title>\n<meta name=\"robots\" content=\"index, follow, max-snippet:-1, max-image-preview:large, max-video-preview:-1\" \/>\n<link rel=\"canonical\" href=\"https:\/\/de.acaral.com.tr\/?product=sarsilmaz-sar-9-alcak-tasima-tabanca-kilifi-siyah\" \/>\n<meta property=\"og:locale\" content=\"de_DE\" \/>\n<meta property=\"og:type\" content=\"article\" \/>\n<meta property=\"og:title\" content=\"Sars\u0131lmaz Sar 9 Low Carry Pistolenhalfter Schwarz - Acaral\" \/>\n<meta property=\"og:description\" content=\"Passende Modelle SARSILMAZ SAR 9 FUNKTIONEN UND ERKL\u00c4RUNGEN Die verfahrbare Tieftransportvorrichtung ist eine um 270 Grad drehbare Tieftransportplattform. Das Beinholster\" \/>\n<meta property=\"og:url\" content=\"https:\/\/de.acaral.com.tr\/?product=sarsilmaz-sar-9-alcak-tasima-tabanca-kilifi-siyah\" \/>\n<meta property=\"og:site_name\" content=\"Acaral\" \/>\n<meta property=\"article:publisher\" content=\"https:\/\/facebook.com\/acaralcom\" \/>\n<meta property=\"article:modified_time\" content=\"2023-04-25T20:54:49+00:00\" \/>\n<meta property=\"og:image\" content=\"https:\/\/de.acaral.com.tr\/wp-content\/uploads\/6.jpg\" \/>\n\t<meta property=\"og:image:width\" content=\"1400\" \/>\n\t<meta property=\"og:image:height\" content=\"1995\" \/>\n\t<meta property=\"og:image:type\" content=\"image\/jpeg\" \/>\n<meta name=\"twitter:card\" content=\"summary_large_image\" \/>\n<meta name=\"twitter:label1\" content=\"Gesch\u00e4tzte Lesezeit\" \/>\n\t<meta name=\"twitter:data1\" content=\"2\u00a0Minuten\" \/>\n<script type=\"application\/ld+json\" class=\"yoast-schema-graph\">{\"@context\":\"https:\/\/schema.org\",\"@graph\":[{\"@type\":\"WebPage\",\"@id\":\"https:\/\/de.acaral.com.tr\/?product=sarsilmaz-sar-9-alcak-tasima-tabanca-kilifi-siyah\",\"url\":\"https:\/\/de.acaral.com.tr\/?product=sarsilmaz-sar-9-alcak-tasima-tabanca-kilifi-siyah\",\"name\":\"Sars\u0131lmaz Sar 9 Low Carry Pistolenhalfter Schwarz - Acaral\",\"isPartOf\":{\"@id\":\"https:\/\/de.acaral.com.tr\/#website\"},\"datePublished\":\"2023-03-25T14:45:02+00:00\",\"dateModified\":\"2023-04-25T20:54:49+00:00\",\"breadcrumb\":{\"@id\":\"https:\/\/de.acaral.com.tr\/?product=sarsilmaz-sar-9-alcak-tasima-tabanca-kilifi-siyah#breadcrumb\"},\"inLanguage\":\"de\",\"potentialAction\":[{\"@type\":\"ReadAction\",\"target\":[\"https:\/\/de.acaral.com.tr\/?product=sarsilmaz-sar-9-alcak-tasima-tabanca-kilifi-siyah\"]}]},{\"@type\":\"BreadcrumbList\",\"@id\":\"https:\/\/de.acaral.com.tr\/?product=sarsilmaz-sar-9-alcak-tasima-tabanca-kilifi-siyah#breadcrumb\",\"itemListElement\":[{\"@type\":\"ListItem\",\"position\":1,\"name\":\"Anasayfa\",\"item\":\"https:\/\/de.acaral.com.tr\/\"},{\"@type\":\"ListItem\",\"position\":2,\"name\":\"Gesch\u00e4ft\",\"item\":\"https:\/\/de.acaral.com.tr\/?page_id=9\"},{\"@type\":\"ListItem\",\"position\":3,\"name\":\"Sars\u0131lmaz Sar 9 Low Carry Pistolenhalfter Schwarz\"}]},{\"@type\":\"WebSite\",\"@id\":\"https:\/\/de.acaral.com.tr\/#website\",\"url\":\"https:\/\/de.acaral.com.tr\/\",\"name\":\"Acaral\",\"description\":\"Waffenzubeh\u00f6r und Ausr\u00fcstung\",\"publisher\":{\"@id\":\"https:\/\/de.acaral.com.tr\/#organization\"},\"potentialAction\":[{\"@type\":\"SearchAction\",\"target\":{\"@type\":\"EntryPoint\",\"urlTemplate\":\"https:\/\/de.acaral.com.tr\/?s={search_term_string}\"},\"query-input\":\"required name=search_term_string\"}],\"inLanguage\":\"de\"},{\"@type\":\"Organization\",\"@id\":\"https:\/\/de.acaral.com.tr\/#organization\",\"name\":\"Silah Aksesuar ve Ekipmanlar\u0131\",\"url\":\"https:\/\/de.acaral.com.tr\/\",\"logo\":{\"@type\":\"ImageObject\",\"inLanguage\":\"de\",\"@id\":\"https:\/\/de.acaral.com.tr\/#\/schema\/logo\/image\/\",\"url\":\"https:\/\/de.acaral.com.tr\/wp-content\/uploads\/logo-fb-2.jpg\",\"contentUrl\":\"https:\/\/de.acaral.com.tr\/wp-content\/uploads\/logo-fb-2.jpg\",\"width\":1687,\"height\":845,\"caption\":\"Silah Aksesuar ve Ekipmanlar\u0131\"},\"image\":{\"@id\":\"https:\/\/de.acaral.com.tr\/#\/schema\/logo\/image\/\"},\"sameAs\":[\"https:\/\/facebook.com\/acaralcom\"]}]}<\/script>\n<!-- \/ Yoast SEO plugin. -->","yoast_head_json":{"title":"Sars\u0131lmaz Sar 9 Low Carry Pistolenhalfter Schwarz - Acaral","robots":{"index":"index","follow":"follow","max-snippet":"max-snippet:-1","max-image-preview":"max-image-preview:large","max-video-preview":"max-video-preview:-1"},"canonical":"https:\/\/de.acaral.com.tr\/?product=sarsilmaz-sar-9-alcak-tasima-tabanca-kilifi-siyah","og_locale":"de_DE","og_type":"article","og_title":"Sars\u0131lmaz Sar 9 Low Carry Pistolenhalfter Schwarz - Acaral","og_description":"Passende Modelle SARSILMAZ SAR 9 FUNKTIONEN UND ERKL\u00c4RUNGEN Die verfahrbare Tieftransportvorrichtung ist eine um 270 Grad drehbare Tieftransportplattform. Das Beinholster","og_url":"https:\/\/de.acaral.com.tr\/?product=sarsilmaz-sar-9-alcak-tasima-tabanca-kilifi-siyah","og_site_name":"Acaral","article_publisher":"https:\/\/facebook.com\/acaralcom","article_modified_time":"2023-04-25T20:54:49+00:00","og_image":[{"width":1400,"height":1995,"url":"https:\/\/de.acaral.com.tr\/wp-content\/uploads\/6.jpg","type":"image\/jpeg"}],"twitter_card":"summary_large_image","twitter_misc":{"Gesch\u00e4tzte Lesezeit":"2\u00a0Minuten"},"schema":{"@context":"https:\/\/schema.org","@graph":[{"@type":"WebPage","@id":"https:\/\/de.acaral.com.tr\/?product=sarsilmaz-sar-9-alcak-tasima-tabanca-kilifi-siyah","url":"https:\/\/de.acaral.com.tr\/?product=sarsilmaz-sar-9-alcak-tasima-tabanca-kilifi-siyah","name":"Sars\u0131lmaz Sar 9 Low Carry Pistolenhalfter Schwarz - Acaral","isPartOf":{"@id":"https:\/\/de.acaral.com.tr\/#website"},"datePublished":"2023-03-25T14:45:02+00:00","dateModified":"2023-04-25T20:54:49+00:00","breadcrumb":{"@id":"https:\/\/de.acaral.com.tr\/?product=sarsilmaz-sar-9-alcak-tasima-tabanca-kilifi-siyah#breadcrumb"},"inLanguage":"de","potentialAction":[{"@type":"ReadAction","target":["https:\/\/de.acaral.com.tr\/?product=sarsilmaz-sar-9-alcak-tasima-tabanca-kilifi-siyah"]}]},{"@type":"BreadcrumbList","@id":"https:\/\/de.acaral.com.tr\/?product=sarsilmaz-sar-9-alcak-tasima-tabanca-kilifi-siyah#breadcrumb","itemListElement":[{"@type":"ListItem","position":1,"name":"Anasayfa","item":"https:\/\/de.acaral.com.tr\/"},{"@type":"ListItem","position":2,"name":"Gesch\u00e4ft","item":"https:\/\/de.acaral.com.tr\/?page_id=9"},{"@type":"ListItem","position":3,"name":"Sars\u0131lmaz Sar 9 Low Carry Pistolenhalfter Schwarz"}]},{"@type":"WebSite","@id":"https:\/\/de.acaral.com.tr\/#website","url":"https:\/\/de.acaral.com.tr\/","name":"Acaral","description":"Waffenzubeh\u00f6r und Ausr\u00fcstung","publisher":{"@id":"https:\/\/de.acaral.com.tr\/#organization"},"potentialAction":[{"@type":"SearchAction","target":{"@type":"EntryPoint","urlTemplate":"https:\/\/de.acaral.com.tr\/?s={search_term_string}"},"query-input":"required name=search_term_string"}],"inLanguage":"de"},{"@type":"Organization","@id":"https:\/\/de.acaral.com.tr\/#organization","name":"Silah Aksesuar ve Ekipmanlar\u0131","url":"https:\/\/de.acaral.com.tr\/","logo":{"@type":"ImageObject","inLanguage":"de","@id":"https:\/\/de.acaral.com.tr\/#\/schema\/logo\/image\/","url":"https:\/\/de.acaral.com.tr\/wp-content\/uploads\/logo-fb-2.jpg","contentUrl":"https:\/\/de.acaral.com.tr\/wp-content\/uploads\/logo-fb-2.jpg","width":1687,"height":845,"caption":"Silah Aksesuar ve Ekipmanlar\u0131"},"image":{"@id":"https:\/\/de.acaral.com.tr\/#\/schema\/logo\/image\/"},"sameAs":["https:\/\/facebook.com\/acaralcom"]}]}},"_links":{"self":[{"href":"https:\/\/de.acaral.com.tr\/index.php?rest_route=\/wp\/v2\/product\/9526"}],"collection":[{"href":"https:\/\/de.acaral.com.tr\/index.php?rest_route=\/wp\/v2\/product"}],"about":[{"href":"https:\/\/de.acaral.com.tr\/index.php?rest_route=\/wp\/v2\/types\/product"}],"replies":[{"embeddable":true,"href":"https:\/\/de.acaral.com.tr\/index.php?rest_route=%2Fwp%2Fv2%2Fcomments&post=9526"}],"wp:featuredmedia":[{"embeddable":true,"href":"https:\/\/de.acaral.com.tr\/index.php?rest_route=\/wp\/v2\/media\/9530"}],"wp:attachment":[{"href":"https:\/\/de.acaral.com.tr\/index.php?rest_route=%2Fwp%2Fv2%2Fmedia&parent=9526"}],"wp:term":[{"taxonomy":"product_cat","embeddable":true,"href":"https:\/\/de.acaral.com.tr\/index.php?rest_route=%2Fwp%2Fv2%2Fproduct_cat&post=9526"},{"taxonomy":"product_tag","embeddable":true,"href":"https:\/\/de.acaral.com.tr\/index.php?rest_route=%2Fwp%2Fv2%2Fproduct_tag&post=9526"}],"curies":[{"name":"wp","href":"https:\/\/api.w.org\/{rel}","templated":true}]}}