{"id":9581,"date":"2023-03-26T17:07:44","date_gmt":"2023-03-26T14:07:44","guid":{"rendered":"https:\/\/de.acaral.com.tr\/?post_type=product&#038;p=9581"},"modified":"2023-04-25T23:51:11","modified_gmt":"2023-04-25T20:51:11","slug":"sarsilmaz-tabanca-kilifi-bej","status":"publish","type":"product","link":"https:\/\/de.acaral.com.tr\/?product=sarsilmaz-tabanca-kilifi-bej","title":{"rendered":"Unersch\u00fctterlicher Pistolenhalfter Beige"},"content":{"rendered":"<p><strong>GEEIGNET F\u00dcR MODELLE<\/strong><\/p>\n<p><strong>-Unersch\u00fctterlicher Kilinc<\/strong><br \/>\n<strong>&#8211; Mega<\/strong><br \/>\n<strong>-K11<\/strong><br \/>\n<strong>-Gesetz S17<\/strong><\/p>\n<p><strong>FUNKTIONEN UND ERKL\u00c4RUNGEN<\/strong><\/p>\n<ul>\n<li><strong>Das langlebige Polymergeh\u00e4use bietet dank seines patentierten Designs eine ergonomische Benutzerfreundlichkeit.<\/strong><\/li>\n<li><strong>Das taktische Pistolenholster mit \u00e4u\u00dferem Tragegriff, das f\u00fcr die Verwendung an einem Bandelier geeignet ist, erm\u00fcdet den Benutzer dank seines orthop\u00e4dischen Taillenbunds, der f\u00fcr den milit\u00e4rischen Einsatz konzipiert ist, auch bei stundenlangem Tragen nicht.<\/strong><\/li>\n<li><strong>Dank seiner um 360\u00b0 drehbaren Struktur kann der Benutzer den Winkel der Pistole nach seinen W\u00fcnschen einstellen.<\/strong><\/li>\n<li><strong>Geeignet f\u00fcr milit\u00e4rische, polizeiliche und zivile Zwecke.<\/strong><\/li>\n<li><strong>Dank der Sicherheitsverriegelung wird Ihre Waffe nicht herunterfallen oder gestohlen werden.<\/strong><\/li>\n<li><strong>Rechte und linke Produkte sind verf\u00fcgbar.<\/strong><\/li>\n<li><strong>Es verf\u00fcgt \u00fcber einen herausnehmbaren einzelnen Magazinpfad (nur f\u00fcr Rechtsh\u00e4nder erh\u00e4ltlich).<\/strong><\/li>\n<li><strong>Dank der unter dem Holster befindlichen Einstellschraube kann der Benutzer die Spannung der Waffe beim Einf\u00fchren in das Holster nach Belieben einstellen.<\/strong><\/li>\n<li><strong>Es hat 2 Jahre Garantie.<\/strong><\/li>\n<\/ul>\n","protected":false},"excerpt":{"rendered":"<p>GEEIGNET F\u00dcR MODELLE -Unersch\u00fctterlicher Kilinc &#8211; Mega -K11 -Gesetz S17 FUNKTIONEN UND ERKL\u00c4RUNGEN Das langlebige Polymergeh\u00e4use bietet dank seines patentierten<\/p>\n","protected":false},"featured_media":9585,"comment_status":"open","ping_status":"closed","template":"","meta":[],"product_cat":[42],"product_tag":[],"yoast_head":"<!-- This site is optimized with the Yoast SEO plugin v20.4 - https:\/\/yoast.com\/wordpress\/plugins\/seo\/ -->\n<title>Unersch\u00fctterlicher Pistolenhalfter Beige - Acaral<\/title>\n<meta name=\"robots\" content=\"index, follow, max-snippet:-1, max-image-preview:large, max-video-preview:-1\" \/>\n<link rel=\"canonical\" href=\"https:\/\/de.acaral.com.tr\/?product=sarsilmaz-tabanca-kilifi-bej\" \/>\n<meta property=\"og:locale\" content=\"de_DE\" \/>\n<meta property=\"og:type\" content=\"article\" \/>\n<meta property=\"og:title\" content=\"Unersch\u00fctterlicher Pistolenhalfter Beige - Acaral\" \/>\n<meta property=\"og:description\" content=\"GEEIGNET F\u00dcR MODELLE -Unersch\u00fctterlicher Kilinc &#8211; Mega -K11 -Gesetz S17 FUNKTIONEN UND ERKL\u00c4RUNGEN Das langlebige Polymergeh\u00e4use bietet dank seines patentierten\" \/>\n<meta property=\"og:url\" content=\"https:\/\/de.acaral.com.tr\/?product=sarsilmaz-tabanca-kilifi-bej\" \/>\n<meta property=\"og:site_name\" content=\"Acaral\" \/>\n<meta property=\"article:publisher\" content=\"https:\/\/facebook.com\/acaralcom\" \/>\n<meta property=\"article:modified_time\" content=\"2023-04-25T20:51:11+00:00\" \/>\n<meta property=\"og:image\" content=\"https:\/\/de.acaral.com.tr\/wp-content\/uploads\/4-7.jpg\" \/>\n\t<meta property=\"og:image:width\" content=\"1400\" \/>\n\t<meta property=\"og:image:height\" content=\"1995\" \/>\n\t<meta property=\"og:image:type\" content=\"image\/jpeg\" \/>\n<meta name=\"twitter:card\" content=\"summary_large_image\" \/>\n<meta name=\"twitter:label1\" content=\"Gesch\u00e4tzte Lesezeit\" \/>\n\t<meta name=\"twitter:data1\" content=\"1\u00a0Minute\" \/>\n<script type=\"application\/ld+json\" class=\"yoast-schema-graph\">{\"@context\":\"https:\/\/schema.org\",\"@graph\":[{\"@type\":\"WebPage\",\"@id\":\"https:\/\/de.acaral.com.tr\/?product=sarsilmaz-tabanca-kilifi-bej\",\"url\":\"https:\/\/de.acaral.com.tr\/?product=sarsilmaz-tabanca-kilifi-bej\",\"name\":\"Unersch\u00fctterlicher Pistolenhalfter Beige - Acaral\",\"isPartOf\":{\"@id\":\"https:\/\/de.acaral.com.tr\/#website\"},\"datePublished\":\"2023-03-26T14:07:44+00:00\",\"dateModified\":\"2023-04-25T20:51:11+00:00\",\"breadcrumb\":{\"@id\":\"https:\/\/de.acaral.com.tr\/?product=sarsilmaz-tabanca-kilifi-bej#breadcrumb\"},\"inLanguage\":\"de\",\"potentialAction\":[{\"@type\":\"ReadAction\",\"target\":[\"https:\/\/de.acaral.com.tr\/?product=sarsilmaz-tabanca-kilifi-bej\"]}]},{\"@type\":\"BreadcrumbList\",\"@id\":\"https:\/\/de.acaral.com.tr\/?product=sarsilmaz-tabanca-kilifi-bej#breadcrumb\",\"itemListElement\":[{\"@type\":\"ListItem\",\"position\":1,\"name\":\"Anasayfa\",\"item\":\"https:\/\/de.acaral.com.tr\/\"},{\"@type\":\"ListItem\",\"position\":2,\"name\":\"Gesch\u00e4ft\",\"item\":\"https:\/\/de.acaral.com.tr\/?page_id=9\"},{\"@type\":\"ListItem\",\"position\":3,\"name\":\"Unersch\u00fctterlicher Pistolenhalfter Beige\"}]},{\"@type\":\"WebSite\",\"@id\":\"https:\/\/de.acaral.com.tr\/#website\",\"url\":\"https:\/\/de.acaral.com.tr\/\",\"name\":\"Acaral\",\"description\":\"Waffenzubeh\u00f6r und Ausr\u00fcstung\",\"publisher\":{\"@id\":\"https:\/\/de.acaral.com.tr\/#organization\"},\"potentialAction\":[{\"@type\":\"SearchAction\",\"target\":{\"@type\":\"EntryPoint\",\"urlTemplate\":\"https:\/\/de.acaral.com.tr\/?s={search_term_string}\"},\"query-input\":\"required name=search_term_string\"}],\"inLanguage\":\"de\"},{\"@type\":\"Organization\",\"@id\":\"https:\/\/de.acaral.com.tr\/#organization\",\"name\":\"Silah Aksesuar ve Ekipmanlar\u0131\",\"url\":\"https:\/\/de.acaral.com.tr\/\",\"logo\":{\"@type\":\"ImageObject\",\"inLanguage\":\"de\",\"@id\":\"https:\/\/de.acaral.com.tr\/#\/schema\/logo\/image\/\",\"url\":\"https:\/\/de.acaral.com.tr\/wp-content\/uploads\/logo-fb-2.jpg\",\"contentUrl\":\"https:\/\/de.acaral.com.tr\/wp-content\/uploads\/logo-fb-2.jpg\",\"width\":1687,\"height\":845,\"caption\":\"Silah Aksesuar ve Ekipmanlar\u0131\"},\"image\":{\"@id\":\"https:\/\/de.acaral.com.tr\/#\/schema\/logo\/image\/\"},\"sameAs\":[\"https:\/\/facebook.com\/acaralcom\"]}]}<\/script>\n<!-- \/ Yoast SEO plugin. -->","yoast_head_json":{"title":"Unersch\u00fctterlicher Pistolenhalfter Beige - Acaral","robots":{"index":"index","follow":"follow","max-snippet":"max-snippet:-1","max-image-preview":"max-image-preview:large","max-video-preview":"max-video-preview:-1"},"canonical":"https:\/\/de.acaral.com.tr\/?product=sarsilmaz-tabanca-kilifi-bej","og_locale":"de_DE","og_type":"article","og_title":"Unersch\u00fctterlicher Pistolenhalfter Beige - Acaral","og_description":"GEEIGNET F\u00dcR MODELLE -Unersch\u00fctterlicher Kilinc &#8211; Mega -K11 -Gesetz S17 FUNKTIONEN UND ERKL\u00c4RUNGEN Das langlebige Polymergeh\u00e4use bietet dank seines patentierten","og_url":"https:\/\/de.acaral.com.tr\/?product=sarsilmaz-tabanca-kilifi-bej","og_site_name":"Acaral","article_publisher":"https:\/\/facebook.com\/acaralcom","article_modified_time":"2023-04-25T20:51:11+00:00","og_image":[{"width":1400,"height":1995,"url":"https:\/\/de.acaral.com.tr\/wp-content\/uploads\/4-7.jpg","type":"image\/jpeg"}],"twitter_card":"summary_large_image","twitter_misc":{"Gesch\u00e4tzte Lesezeit":"1\u00a0Minute"},"schema":{"@context":"https:\/\/schema.org","@graph":[{"@type":"WebPage","@id":"https:\/\/de.acaral.com.tr\/?product=sarsilmaz-tabanca-kilifi-bej","url":"https:\/\/de.acaral.com.tr\/?product=sarsilmaz-tabanca-kilifi-bej","name":"Unersch\u00fctterlicher Pistolenhalfter Beige - Acaral","isPartOf":{"@id":"https:\/\/de.acaral.com.tr\/#website"},"datePublished":"2023-03-26T14:07:44+00:00","dateModified":"2023-04-25T20:51:11+00:00","breadcrumb":{"@id":"https:\/\/de.acaral.com.tr\/?product=sarsilmaz-tabanca-kilifi-bej#breadcrumb"},"inLanguage":"de","potentialAction":[{"@type":"ReadAction","target":["https:\/\/de.acaral.com.tr\/?product=sarsilmaz-tabanca-kilifi-bej"]}]},{"@type":"BreadcrumbList","@id":"https:\/\/de.acaral.com.tr\/?product=sarsilmaz-tabanca-kilifi-bej#breadcrumb","itemListElement":[{"@type":"ListItem","position":1,"name":"Anasayfa","item":"https:\/\/de.acaral.com.tr\/"},{"@type":"ListItem","position":2,"name":"Gesch\u00e4ft","item":"https:\/\/de.acaral.com.tr\/?page_id=9"},{"@type":"ListItem","position":3,"name":"Unersch\u00fctterlicher Pistolenhalfter Beige"}]},{"@type":"WebSite","@id":"https:\/\/de.acaral.com.tr\/#website","url":"https:\/\/de.acaral.com.tr\/","name":"Acaral","description":"Waffenzubeh\u00f6r und Ausr\u00fcstung","publisher":{"@id":"https:\/\/de.acaral.com.tr\/#organization"},"potentialAction":[{"@type":"SearchAction","target":{"@type":"EntryPoint","urlTemplate":"https:\/\/de.acaral.com.tr\/?s={search_term_string}"},"query-input":"required name=search_term_string"}],"inLanguage":"de"},{"@type":"Organization","@id":"https:\/\/de.acaral.com.tr\/#organization","name":"Silah Aksesuar ve Ekipmanlar\u0131","url":"https:\/\/de.acaral.com.tr\/","logo":{"@type":"ImageObject","inLanguage":"de","@id":"https:\/\/de.acaral.com.tr\/#\/schema\/logo\/image\/","url":"https:\/\/de.acaral.com.tr\/wp-content\/uploads\/logo-fb-2.jpg","contentUrl":"https:\/\/de.acaral.com.tr\/wp-content\/uploads\/logo-fb-2.jpg","width":1687,"height":845,"caption":"Silah Aksesuar ve Ekipmanlar\u0131"},"image":{"@id":"https:\/\/de.acaral.com.tr\/#\/schema\/logo\/image\/"},"sameAs":["https:\/\/facebook.com\/acaralcom"]}]}},"_links":{"self":[{"href":"https:\/\/de.acaral.com.tr\/index.php?rest_route=\/wp\/v2\/product\/9581"}],"collection":[{"href":"https:\/\/de.acaral.com.tr\/index.php?rest_route=\/wp\/v2\/product"}],"about":[{"href":"https:\/\/de.acaral.com.tr\/index.php?rest_route=\/wp\/v2\/types\/product"}],"replies":[{"embeddable":true,"href":"https:\/\/de.acaral.com.tr\/index.php?rest_route=%2Fwp%2Fv2%2Fcomments&post=9581"}],"wp:featuredmedia":[{"embeddable":true,"href":"https:\/\/de.acaral.com.tr\/index.php?rest_route=\/wp\/v2\/media\/9585"}],"wp:attachment":[{"href":"https:\/\/de.acaral.com.tr\/index.php?rest_route=%2Fwp%2Fv2%2Fmedia&parent=9581"}],"wp:term":[{"taxonomy":"product_cat","embeddable":true,"href":"https:\/\/de.acaral.com.tr\/index.php?rest_route=%2Fwp%2Fv2%2Fproduct_cat&post=9581"},{"taxonomy":"product_tag","embeddable":true,"href":"https:\/\/de.acaral.com.tr\/index.php?rest_route=%2Fwp%2Fv2%2Fproduct_tag&post=9581"}],"curies":[{"name":"wp","href":"https:\/\/api.w.org\/{rel}","templated":true}]}}